{"id":20,"date":"2015-10-10T21:28:19","date_gmt":"2015-10-10T21:28:19","guid":{"rendered":"http:\/\/tomasknipscheer.nl\/deprivedhoods\/?page_id=20"},"modified":"2015-10-12T15:20:52","modified_gmt":"2015-10-12T15:20:52","slug":"research","status":"publish","type":"page","link":"https:\/\/segregationeurope.tudelft.nl\/index.php\/research\/","title":{"rendered":"Research"},"content":{"rendered":"<p>We are a strong international team of researchers with <a href=\"http:\/\/deprivedhoods.eu\/\">expertise on urban development, inequality, poverty, segregation, deprived neighbourhoods, neighbourhood effects, and other urban studies related topics<\/a>. We are dedicated to understanding changing socio-economic (spatial) patterns in European cities, and how segregation influences the lives of those who live in cities (neighbourhood effects). The topic of segregation has been widely studied since the work of Charles Booth in London in the late 19th century. Nowadays the topic is more important than ever due to growing income inequalities in Europe. These growing inequalities translate in to space and become visible in our cities and neighbourhoods.<\/p>\n<p>The link between social stratification and spatial segregation is not straightforward, and is mediated by many other factors. We have developed a multifactor approach for understanding segregation, by combining structural\/formative factors with a context sensitive analysis of segregation. The core formative factors of segregation include globalization and economic restructuring, combined with different welfare contexts as well as different historical development pathways. We strongly believe in internationally comparative research which allows us to understand better how the formative factors translate into segregation. Finally, we do not only investigate segregation at the level of neighbourhoods, but we focus also on other life domains, such as schools, places of work, and leisure activities.<\/p>\n<p>&nbsp;<\/p>\n<p><strong>For more information on our work and our most recent publications, please visit our personal pages:<\/strong><\/p>\n<p><a href=\"http:\/\/www.maartenvanham.nl\" target=\"_blank\">Maarten van Ham<\/a>, Delft University of Technology &amp; University of St Andrews<\/p>\n<p><a href=\"https:\/\/www.researchgate.net\/profile\/Szymon_Marcinczak\" target=\"_blank\">Szymon Marci\u0144czak<\/a>, University of \u0141\u00f3d\u017a<\/p>\n<p><a href=\"http:\/\/www.uva.nl\/over-de-uva\/organisatie\/medewerkers\/content\/m\/u\/s.musterd\/s.musterd.html\" target=\"_blank\">Sako Musterd<\/a>, University of Amsterdam<\/p>\n<p><a href=\"http:\/\/www.tiittammaru.eu\/\" target=\"_blank\">Tiit Tammaru<\/a>, University of Tartu<\/p>\n<p>&nbsp;<\/p>\n<p><strong>Related projects:<\/strong><\/p>\n<p><a href=\"http:\/\/deprivedhoods.eu\/\" target=\"_blank\"><strong>DEPRIVEDHOODS<\/strong><\/a><\/p>\n<p><strong><a href=\"http:\/\/www.urbandivercities.eu\/\" target=\"_blank\">DIVERCITIES<\/a><\/strong><\/p>\n<p>&nbsp;<\/p>\n<p><strong>Associated research team members:<\/strong><\/p>\n<p>The team includes researchers from 13 European countries, studying Amsterdam, Athens, Budapest, London, Milan, Madrid, Oslo, Prague, Riga, Stockholm, Tallinn, Vienna and Vilnius.<\/p>\n<p>Roger Andersson, Uppsala University<\/p>\n<p>Maris Berzins, University of Tartu<\/p>\n<p>Donatas Burneika, Lithuanian Social Research Centre<\/p>\n<p>Gerhard Hatz, University of Vienna<\/p>\n<p>Ron Johnston, University of Bristol<\/p>\n<p>Kelvyn Jones, University of Bristol<\/p>\n<p>Anneli K\u00e4hrik, Uppsala University &amp; University of Tartu<\/p>\n<p>Josef Kohlbacher, Austrian Academy of Sciences<\/p>\n<p>Zuzana Kopeck\u00e1, Charles University in Prague<\/p>\n<p>Zolt\u00e1n Kov\u00e1cs, Hungarian Academy of Sciences &amp; University of Szeged<\/p>\n<p>Kalju Kratovit\u0161, University of Tartu<\/p>\n<p>Zaiga Krisjane, University of Latvia<\/p>\n<p>Jes\u00fas Leal, Complutense University Madrid<\/p>\n<p>Kadri Leetmaa, University of Tartu<\/p>\n<p>Kadi M\u00e4gi, University of Tartu &amp; Delft University of Technology<\/p>\n<p>Thomas Maloutas, Harokopio University<\/p>\n<p>David Manley, University of Bristol &amp; Delft University of Technology<\/p>\n<p>Szymon Marci\u0144czak, University of \u0141\u00f3d\u017a<\/p>\n<p>Sako Musterd, University of Amsterdam<\/p>\n<p>Jakub Nov\u00e1k, Charles University in Prague<\/p>\n<p>Martin Ou\u0159edn\u00ed\u010dek, Charles University in Prague<\/p>\n<p>Dewi Owen, University of Bristol<\/p>\n<p>Petros Petsimeris, Universit\u00e9 Paris I Panth\u00e9on-Sorbonne<\/p>\n<p>Lucie Posp\u00ed\u0161ilov\u00e1, Charles University in Prague<\/p>\n<p>Ursula Reeger, Austrian Academy of Sciences<\/p>\n<p>Stefania Rimoldi, University of Milano-Bicocca<\/p>\n<p>Daniel Sorando, Complutense University Madrid<\/p>\n<p>Petra \u0160pa\u010dkov\u00e1, Charles University in Prague<\/p>\n<p>Bal\u00e1zs Szab\u00f3, Hungarian Academy of Sciences<\/p>\n<p>Tiit Tammaru, University of Tartu &amp; Delft University of Technology<\/p>\n<p>R\u016bta Ubarevi\u010dien\u0117, Lithuanian social research centre &amp; Delft University of Technology<\/p>\n<p>Vytautas Valatka, Lithuanian social research centre\u00a0&amp; Vilnius University<\/p>\n<p>Wouter van Gent, University of Amsterdam<\/p>\n<p>Maarten van Ham, Delft University of Technology &amp; University of St Andrews<\/p>\n<p>Terje Wessel, University of Oslo<\/p>\n<p>&nbsp;<\/p>\n<p><strong>The research has received funding from the:<\/strong><\/p>\n<p><strong>European Research Council<\/strong> under the European Union&#8217;s Seventh Framework Programme (FP\/2007-2013) \/ ERC Grant Agreement n. 615159 (ERC Consolidator Grant DEPRIVEDHOODS, Socio-spatial inequality, deprived neighbourhoods, and neighbourhood effects).<\/p>\n<p><strong>Estonian Research Council<\/strong> (Institutional Research Grant IUT2-17 on Spatial Population Mobility and Geographical Changes in Urban Regions); the <strong>Estonian Science Foundation<\/strong> (Grant No. 8774 and 9247)<\/p>\n<p><strong>Marie Curie programme<\/strong> under the European Union&#8217;s Seventh Framework Programme (FP\/2007-2013) \/ Career Integration Grant n. PCIG10-GA-2011-303728 (CIG Grant NBHCHOICE, Neighbourhood choice, neighbourhood sorting, and neighbourhood effects).<\/p>\n","protected":false},"excerpt":{"rendered":"<p>We are a strong international team of researchers with expertise on urban development, inequality, poverty, segregation, deprived neighbourhoods, neighbourhood effects, and other urban studies related topics. We are dedicated to understanding changing socio-economic (spatial) patterns in European cities, and how segregation influences the lives of those who live in cities (neighbourhood effects). The topic of [&hellip;]<\/p>\n","protected":false},"author":1,"featured_media":0,"parent":0,"menu_order":0,"comment_status":"closed","ping_status":"closed","template":"","meta":{"footnotes":""},"class_list":["post-20","page","type-page","status-publish","hentry"],"_links":{"self":[{"href":"https:\/\/segregationeurope.tudelft.nl\/index.php\/wp-json\/wp\/v2\/pages\/20","targetHints":{"allow":["GET"]}}],"collection":[{"href":"https:\/\/segregationeurope.tudelft.nl\/index.php\/wp-json\/wp\/v2\/pages"}],"about":[{"href":"https:\/\/segregationeurope.tudelft.nl\/index.php\/wp-json\/wp\/v2\/types\/page"}],"author":[{"embeddable":true,"href":"https:\/\/segregationeurope.tudelft.nl\/index.php\/wp-json\/wp\/v2\/users\/1"}],"replies":[{"embeddable":true,"href":"https:\/\/segregationeurope.tudelft.nl\/index.php\/wp-json\/wp\/v2\/comments?post=20"}],"version-history":[{"count":10,"href":"https:\/\/segregationeurope.tudelft.nl\/index.php\/wp-json\/wp\/v2\/pages\/20\/revisions"}],"predecessor-version":[{"id":69,"href":"https:\/\/segregationeurope.tudelft.nl\/index.php\/wp-json\/wp\/v2\/pages\/20\/revisions\/69"}],"wp:attachment":[{"href":"https:\/\/segregationeurope.tudelft.nl\/index.php\/wp-json\/wp\/v2\/media?parent=20"}],"curies":[{"name":"wp","href":"https:\/\/api.w.org\/{rel}","templated":true}]}}