{"id":10,"date":"2015-10-05T12:38:22","date_gmt":"2015-10-05T12:38:22","guid":{"rendered":"http:\/\/tomasknipscheer.nl\/deprivedhoods\/?page_id=10"},"modified":"2015-10-15T12:12:50","modified_gmt":"2015-10-15T12:12:50","slug":"contact","status":"publish","type":"page","link":"https:\/\/segregationeurope.tudelft.nl\/index.php\/contact\/","title":{"rendered":"Contact"},"content":{"rendered":"<p>For more information on the book or this website, <strong>please contact Professor Maarten van Ham at <\/strong><a href=\"mailto:m.vanham@tudelft.nl\"><strong>m.vanham@tudelft.nl<\/strong><\/a> from Delft University of Technology &amp; University of St Andrews.<\/p>\n<p>The book \u201cSocio-Economic Segregation in European Capital Cities. East meets West\u201d is a joint project by four people: Tiit Tammaru, Szymon Marci\u0144czak, Maarten van Ham &amp; Sako Musterd. Full contact details of the editors can be found below:<\/p>\n<p>&nbsp;<\/p>\n<p><strong><a href=\"http:\/\/www.tiittammaru.eu\/\" target=\"_blank\">Professor Dr Tiit Tammaru<\/a><\/strong><\/p>\n<p>University of Tartu<\/p>\n<p>Department of Geography<\/p>\n<p>Vanemuise 46<\/p>\n<p>Tartu 51014<\/p>\n<p>Estonia<\/p>\n<p><a href=\"mailto:tiit.tammaru@ut.ee\">tiit.tammaru@ut.ee<\/a><\/p>\n<p><strong>\u00a0<\/strong><\/p>\n<p><strong><a href=\"https:\/\/www.researchgate.net\/profile\/Szymon_Marcinczak\" target=\"_blank\">Dr Szymon Marci\u0144czak<\/a><\/strong><\/p>\n<p>University of \u0141\u00f3d\u017a,<\/p>\n<p>Faculty of Geography<\/p>\n<p>Institute of Urban Geography and Tourism Studies<\/p>\n<p>Kopci\u0144skiego 31<\/p>\n<p>90-142 \u0141\u00f3d\u017a<\/p>\n<p>Poland<\/p>\n<p><a href=\"mailto:szymmar@geo.uni.lodz.pl\">szymmar@geo.uni.lodz.pl<\/a><\/p>\n<p>&nbsp;<\/p>\n<p><strong><a href=\"http:\/\/www.maartenvanham.nl\/\" target=\"_blank\">Professor Dr Maarten van Ham<\/a><\/strong><\/p>\n<p>Delft University of Technology<\/p>\n<p>Faculty of Architecture and the Built Environment<\/p>\n<p>OTB &#8211; Research for the Built Environment<\/p>\n<p>P.O. Box 5043<\/p>\n<p>2600 GA Delft<\/p>\n<p>The Netherlands<\/p>\n<p><a href=\"mailto:m.vanham@tudelft.nl\">m.vanham@tudelft.nl<\/a><\/p>\n<p>&nbsp;<\/p>\n<p><strong><a href=\"http:\/\/www.uva.nl\/over-de-uva\/organisatie\/medewerkers\/content\/m\/u\/s.musterd\/s.musterd.html\" target=\"_blank\">Professor Dr Sako Musterd<\/a><\/strong><\/p>\n<p>University of Amsterdam<\/p>\n<p>Urban Geographies\/Urban Studies<\/p>\n<p>Nieuwe Achtergracht 166<\/p>\n<p>1018 WV Amsterdam<\/p>\n<p>The Netherlands<\/p>\n<p><a href=\"mailto:S.Musterd@uva.nl\">S.Musterd@uva.nl<\/a><\/p>\n","protected":false},"excerpt":{"rendered":"<p>For more information on the book or this website, please contact Professor Maarten van Ham at m.vanham@tudelft.nl from Delft University of Technology &amp; University of St Andrews. The book \u201cSocio-Economic Segregation in European Capital Cities. East meets West\u201d is a joint project by four people: Tiit Tammaru, Szymon Marci\u0144czak, Maarten van Ham &amp; Sako Musterd. [&hellip;]<\/p>\n","protected":false},"author":1,"featured_media":0,"parent":0,"menu_order":0,"comment_status":"closed","ping_status":"closed","template":"","meta":{"footnotes":""},"class_list":["post-10","page","type-page","status-publish","hentry"],"_links":{"self":[{"href":"https:\/\/segregationeurope.tudelft.nl\/index.php\/wp-json\/wp\/v2\/pages\/10","targetHints":{"allow":["GET"]}}],"collection":[{"href":"https:\/\/segregationeurope.tudelft.nl\/index.php\/wp-json\/wp\/v2\/pages"}],"about":[{"href":"https:\/\/segregationeurope.tudelft.nl\/index.php\/wp-json\/wp\/v2\/types\/page"}],"author":[{"embeddable":true,"href":"https:\/\/segregationeurope.tudelft.nl\/index.php\/wp-json\/wp\/v2\/users\/1"}],"replies":[{"embeddable":true,"href":"https:\/\/segregationeurope.tudelft.nl\/index.php\/wp-json\/wp\/v2\/comments?post=10"}],"version-history":[{"count":5,"href":"https:\/\/segregationeurope.tudelft.nl\/index.php\/wp-json\/wp\/v2\/pages\/10\/revisions"}],"predecessor-version":[{"id":76,"href":"https:\/\/segregationeurope.tudelft.nl\/index.php\/wp-json\/wp\/v2\/pages\/10\/revisions\/76"}],"wp:attachment":[{"href":"https:\/\/segregationeurope.tudelft.nl\/index.php\/wp-json\/wp\/v2\/media?parent=10"}],"curies":[{"name":"wp","href":"https:\/\/api.w.org\/{rel}","templated":true}]}}